{"id":517,"date":"2020-06-04T10:24:58","date_gmt":"2020-06-04T10:24:58","guid":{"rendered":"https:\/\/masperreal.wpengine.com\/?page_id=517"},"modified":"2026-01-18T09:46:26","modified_gmt":"2026-01-18T09:46:26","slug":"tarifs","status":"publish","type":"page","link":"https:\/\/masperreal.com\/index.php\/tarifs\/","title":{"rendered":"Tarifs"},"content":{"rendered":"\t\t<div data-elementor-type=\"wp-page\" data-elementor-id=\"517\" class=\"elementor elementor-517\" data-elementor-settings=\"[]\">\n\t\t\t\t\t\t<div class=\"elementor-inner\">\n\t\t\t\t\t\t\t<div class=\"elementor-section-wrap\">\n\t\t\t\t\t\t\t<section class=\"elementor-section elementor-top-section elementor-element elementor-element-5a81b550 elementor-section-stretched elementor-section-boxed elementor-section-height-default elementor-section-height-default\" data-id=\"5a81b550\" data-element_type=\"section\" data-settings=\"{&quot;stretch_section&quot;:&quot;section-stretched&quot;}\">\n\t\t\t\t\t\t<div class=\"elementor-container elementor-column-gap-default\">\n\t\t\t\t\t\t\t<div class=\"elementor-row\">\n\t\t\t\t\t<div class=\"elementor-column elementor-col-100 elementor-top-column elementor-element elementor-element-375d417b\" data-id=\"375d417b\" data-element_type=\"column\">\n\t\t\t<div class=\"elementor-column-wrap elementor-element-populated\">\n\t\t\t\t\t\t\t<div class=\"elementor-widget-wrap\">\n\t\t\t\t\t\t<div class=\"elementor-element elementor-element-1db575ae elementor-widget elementor-widget-heading\" data-id=\"1db575ae\" data-element_type=\"widget\" data-widget_type=\"heading.default\">\n\t\t\t\t<div class=\"elementor-widget-container\">\n\t\t\t<h1 class=\"elementor-heading-title elementor-size-xxl\">Tarifs<\/h1>\t\t<\/div>\n\t\t\t\t<\/div>\n\t\t\t\t\t\t<\/div>\n\t\t\t\t\t<\/div>\n\t\t<\/div>\n\t\t\t\t\t\t\t\t<\/div>\n\t\t\t\t\t<\/div>\n\t\t<\/section>\n\t\t\t\t<section class=\"elementor-section elementor-top-section elementor-element elementor-element-301fd51c elementor-section-stretched elementor-section-boxed elementor-section-height-default elementor-section-height-default\" data-id=\"301fd51c\" data-element_type=\"section\" data-settings=\"{&quot;stretch_section&quot;:&quot;section-stretched&quot;,&quot;background_background&quot;:&quot;classic&quot;}\">\n\t\t\t\t\t\t<div class=\"elementor-container elementor-column-gap-default\">\n\t\t\t\t\t\t\t<div class=\"elementor-row\">\n\t\t\t\t\t<div class=\"elementor-column elementor-col-100 elementor-top-column elementor-element elementor-element-7b5c5c9\" data-id=\"7b5c5c9\" data-element_type=\"column\" data-settings=\"{&quot;background_background&quot;:&quot;classic&quot;,&quot;motion_fx_motion_fx_scrolling&quot;:&quot;yes&quot;,&quot;motion_fx_translateY_effect&quot;:&quot;yes&quot;,&quot;motion_fx_translateY_speed&quot;:{&quot;unit&quot;:&quot;px&quot;,&quot;size&quot;:4.9,&quot;sizes&quot;:[]},&quot;motion_fx_devices&quot;:[&quot;desktop&quot;,&quot;tablet&quot;],&quot;motion_fx_translateY_affectedRange&quot;:{&quot;unit&quot;:&quot;%&quot;,&quot;size&quot;:&quot;&quot;,&quot;sizes&quot;:{&quot;start&quot;:0,&quot;end&quot;:100}}}\">\n\t\t\t<div class=\"elementor-column-wrap elementor-element-populated\">\n\t\t\t\t\t\t\t<div class=\"elementor-widget-wrap\">\n\t\t\t\t\t\t<div class=\"elementor-element elementor-element-c778904 elementor-widget elementor-widget-text-editor\" data-id=\"c778904\" data-element_type=\"widget\" data-widget_type=\"text-editor.default\">\n\t\t\t\t<div class=\"elementor-widget-container\">\n\t\t\t\t\t\t\t\t<div class=\"elementor-text-editor elementor-clearfix\">\n\t\t\t\t\t<p><b>Nos chambres d&#8217;h\u00f4tes sont ouvertes d&#8217;avril \u00e0 octobre et nos g\u00eetes sont disponibles toute l&#8217;ann\u00e9e.<br \/><\/b><\/p><hr \/><p>Ci-dessous nos tarifs TTC pour 2026.<\/p>\t\t\t\t\t<\/div>\n\t\t\t\t\t\t<\/div>\n\t\t\t\t<\/div>\n\t\t\t\t\t\t<\/div>\n\t\t\t\t\t<\/div>\n\t\t<\/div>\n\t\t\t\t\t\t\t\t<\/div>\n\t\t\t\t\t<\/div>\n\t\t<\/section>\n\t\t\t\t<section class=\"elementor-section elementor-top-section elementor-element elementor-element-5bd28a80 elementor-section-stretched elementor-section-boxed elementor-section-height-default elementor-section-height-default\" data-id=\"5bd28a80\" data-element_type=\"section\" data-settings=\"{&quot;stretch_section&quot;:&quot;section-stretched&quot;}\">\n\t\t\t\t\t\t<div class=\"elementor-container elementor-column-gap-default\">\n\t\t\t\t\t\t\t<div class=\"elementor-row\">\n\t\t\t\t\t<div class=\"elementor-column elementor-col-66 elementor-top-column elementor-element elementor-element-9a0374b\" data-id=\"9a0374b\" data-element_type=\"column\">\n\t\t\t<div class=\"elementor-column-wrap elementor-element-populated\">\n\t\t\t\t\t\t\t<div class=\"elementor-widget-wrap\">\n\t\t\t\t\t\t<div class=\"elementor-element elementor-element-3a5313a3 elementor-widget elementor-widget-text-editor\" data-id=\"3a5313a3\" data-element_type=\"widget\" data-widget_type=\"text-editor.default\">\n\t\t\t\t<div class=\"elementor-widget-container\">\n\t\t\t\t\t\t\t\t<div class=\"elementor-text-editor elementor-clearfix\">\n\t\t\t\t\t<h2 style=\"text-align: center;\"><span style=\"text-decoration: underline;\">TARIFS 2026<br \/><\/span><\/h2>\t\t\t\t\t<\/div>\n\t\t\t\t\t\t<\/div>\n\t\t\t\t<\/div>\n\t\t\t\t<div class=\"elementor-element elementor-element-29be881 elementor-widget elementor-widget-text-editor\" data-id=\"29be881\" data-element_type=\"widget\" data-widget_type=\"text-editor.default\">\n\t\t\t\t<div class=\"elementor-widget-container\">\n\t\t\t\t\t\t\t\t<div class=\"elementor-text-editor elementor-clearfix\">\n\t\t\t\t\t\n<table id=\"tablepress-2\" class=\"tablepress tablepress-id-2\">\n<tbody class=\"row-hover\">\n<tr class=\"row-1\">\n\t<td class=\"column-1\"><\/td><td class=\"column-2\">Chambres <br \/>\nd&#8217;H\u00f4tes<\/td><td class=\"column-3\">Studio<\/td><td class=\"column-4\">Appartement<\/td>\n<\/tr>\n<tr class=\"row-2\">\n\t<td class=\"column-1\">Avril &amp; Octobre<\/td><td class=\"column-2\">135 \u20ac<\/td><td class=\"column-3\">130 \u20ac<\/td><td class=\"column-4\">145 \u20ac<\/td>\n<\/tr>\n<tr class=\"row-3\">\n\t<td class=\"column-1\">Mai &amp; Juin &amp; Septembre<\/td><td class=\"column-2\">140 \u20ac<\/td><td class=\"column-3\">135 \u20ac<\/td><td class=\"column-4\">150 \u20ac<\/td>\n<\/tr>\n<tr class=\"row-4\">\n\t<td class=\"column-1\">Juillet &amp; Ao\u00fbt<\/td><td class=\"column-2\">145 \u20ac<\/td><td class=\"column-3\">140 \u20ac<\/td><td class=\"column-4\">155 \u20ac<\/td>\n<\/tr>\n<tr class=\"row-5\">\n\t<td class=\"column-1\">Novembre \u00e0 Mars<\/td><td class=\"column-2\">Ferm\u00e9.<\/td><td class=\"column-3\">120 \u20ac <\/td><td class=\"column-4\">135 \u20ac<\/td>\n<\/tr>\n<\/tbody>\n<\/table>\n\t\t\t\t\t<\/div>\n\t\t\t\t\t\t<\/div>\n\t\t\t\t<\/div>\n\t\t\t\t<div class=\"elementor-element elementor-element-64f20b50 elementor-widget elementor-widget-text-editor\" data-id=\"64f20b50\" data-element_type=\"widget\" data-widget_type=\"text-editor.default\">\n\t\t\t\t<div class=\"elementor-widget-container\">\n\t\t\t\t\t\t\t\t<div class=\"elementor-text-editor elementor-clearfix\">\n\t\t\t\t\t<p>Deux personnes maximum par chambre et par g\u00eete.<\/p><p>\u00a0<\/p><p><a href=\"https:\/\/masperreal.com\/index.php\/petit-dejeuner-brunch\/\" target=\"_blank\" rel=\"noopener\">Petit-d\u00e9jeuner &#8220;brunch&#8221;<\/a> inclus dans les tarifs pour chambres d&#8217;h\u00f4tes.<\/p><p>\u00a0<\/p><p>Nous demandons un acompte pour la premi\u00e8re nuit, remboursable avec deux semaines de pr\u00e9avis.<\/p><p>\u00a0<\/p><p>Nous acceptons les cartes bancaires, les ch\u00e8ques, Paypal et les ch\u00e8ques vacances.<\/p><p>\u00a0<\/p><p>Pour votre confort et celui des autres, l&#8217;int\u00e9rieur du Mas ainsi que les abords de la piscine sont strictement non-fumeurs.<\/p><p>\u00a0<\/p><p>Les animaux domestiques ne sont pas admis.<\/p>\t\t\t\t\t<\/div>\n\t\t\t\t\t\t<\/div>\n\t\t\t\t<\/div>\n\t\t\t\t<div class=\"elementor-element elementor-element-c43bbb3 elementor-widget elementor-widget-heading\" data-id=\"c43bbb3\" data-element_type=\"widget\" data-widget_type=\"heading.default\">\n\t\t\t\t<div class=\"elementor-widget-container\">\n\t\t\t<h2 class=\"elementor-heading-title elementor-size-default\">A bient\u00f4t au Mas Perr\u00e9al !<\/h2>\t\t<\/div>\n\t\t\t\t<\/div>\n\t\t\t\t\t\t<\/div>\n\t\t\t\t\t<\/div>\n\t\t<\/div>\n\t\t\t\t<div class=\"elementor-column elementor-col-33 elementor-top-column elementor-element elementor-element-47886dc8\" data-id=\"47886dc8\" data-element_type=\"column\">\n\t\t\t<div class=\"elementor-column-wrap elementor-element-populated\">\n\t\t\t\t\t\t\t<div class=\"elementor-widget-wrap\">\n\t\t\t\t\t\t<div class=\"elementor-element elementor-element-60dea1b8 elementor-widget elementor-widget-image\" data-id=\"60dea1b8\" data-element_type=\"widget\" data-widget_type=\"image.default\">\n\t\t\t\t<div class=\"elementor-widget-container\">\n\t\t\t\t\t\t\t\t<div class=\"elementor-image\">\n\t\t\t\t\t\t\t\t\t<figure class=\"wp-caption\">\n\t\t\t\t\t\t\t\t\t\t<img loading=\"lazy\" decoding=\"async\" width=\"1024\" height=\"678\" src=\"https:\/\/masperreal.com\/wp-content\/uploads\/2020\/06\/DSC_0028-1024x678.jpg\" class=\"attachment-large size-large\" alt=\"\" srcset=\"https:\/\/masperreal.com\/wp-content\/uploads\/2020\/06\/DSC_0028-1024x678.jpg 1024w, https:\/\/masperreal.com\/wp-content\/uploads\/2020\/06\/DSC_0028-300x199.jpg 300w, https:\/\/masperreal.com\/wp-content\/uploads\/2020\/06\/DSC_0028-1536x1017.jpg 1536w, https:\/\/masperreal.com\/wp-content\/uploads\/2020\/06\/DSC_0028-2048x1356.jpg 2048w\" sizes=\"auto, (max-width: 1024px) 100vw, 1024px\" \/>\t\t\t\t\t\t\t\t\t\t\t<figcaption class=\"widget-image-caption wp-caption-text\"><\/figcaption>\n\t\t\t\t\t\t\t\t\t\t<\/figure>\n\t\t\t\t\t\t\t\t<\/div>\n\t\t\t\t\t\t<\/div>\n\t\t\t\t<\/div>\n\t\t\t\t<div class=\"elementor-element elementor-element-4ce64a23 elementor-widget elementor-widget-image\" data-id=\"4ce64a23\" data-element_type=\"widget\" data-widget_type=\"image.default\">\n\t\t\t\t<div class=\"elementor-widget-container\">\n\t\t\t\t\t\t\t\t<div class=\"elementor-image\">\n\t\t\t\t\t\t\t\t\t<figure class=\"wp-caption\">\n\t\t\t\t\t\t\t\t\t\t<img loading=\"lazy\" decoding=\"async\" width=\"1024\" height=\"682\" src=\"https:\/\/masperreal.com\/wp-content\/uploads\/2020\/06\/IMG_9572-1024x682.jpg\" class=\"attachment-large size-large\" alt=\"\" srcset=\"https:\/\/masperreal.com\/wp-content\/uploads\/2020\/06\/IMG_9572-1024x682.jpg 1024w, https:\/\/masperreal.com\/wp-content\/uploads\/2020\/06\/IMG_9572-300x200.jpg 300w, https:\/\/masperreal.com\/wp-content\/uploads\/2020\/06\/IMG_9572-1536x1023.jpg 1536w, https:\/\/masperreal.com\/wp-content\/uploads\/2020\/06\/IMG_9572-2048x1364.jpg 2048w\" sizes=\"auto, (max-width: 1024px) 100vw, 1024px\" \/>\t\t\t\t\t\t\t\t\t\t\t<figcaption class=\"widget-image-caption wp-caption-text\"><\/figcaption>\n\t\t\t\t\t\t\t\t\t\t<\/figure>\n\t\t\t\t\t\t\t\t<\/div>\n\t\t\t\t\t\t<\/div>\n\t\t\t\t<\/div>\n\t\t\t\t\t\t<\/div>\n\t\t\t\t\t<\/div>\n\t\t<\/div>\n\t\t\t\t\t\t\t\t<\/div>\n\t\t\t\t\t<\/div>\n\t\t<\/section>\n\t\t\t\t\t\t<\/div>\n\t\t\t\t\t\t<\/div>\n\t\t\t\t\t<\/div>\n\t\t","protected":false},"excerpt":{"rendered":"<p>Tarifs Nos chambres d&#8217;h\u00f4tes sont ouvertes d&#8217;avril \u00e0 octobre et nos g\u00eetes sont disponibles toute l&#8217;ann\u00e9e. Ci-dessous nos tarifs TTC pour 2026. TARIFS 2026 Deux personnes maximum par chambre et par g\u00eete. \u00a0 Petit-d\u00e9jeuner &#8220;brunch&#8221; inclus dans les tarifs pour chambres d&#8217;h\u00f4tes. \u00a0 Nous demandons un acompte pour la premi\u00e8re nuit, remboursable avec deux semaines <a href=\"https:\/\/masperreal.com\/index.php\/tarifs\/\" class=\"more-link\">&#8230;<\/a><\/p>\n","protected":false},"author":1,"featured_media":0,"parent":0,"menu_order":0,"comment_status":"closed","ping_status":"closed","template":"","meta":{"footnotes":""},"class_list":["post-517","page","type-page","status-publish","hentry"],"_links":{"self":[{"href":"https:\/\/masperreal.com\/index.php\/wp-json\/wp\/v2\/pages\/517","targetHints":{"allow":["GET"]}}],"collection":[{"href":"https:\/\/masperreal.com\/index.php\/wp-json\/wp\/v2\/pages"}],"about":[{"href":"https:\/\/masperreal.com\/index.php\/wp-json\/wp\/v2\/types\/page"}],"author":[{"embeddable":true,"href":"https:\/\/masperreal.com\/index.php\/wp-json\/wp\/v2\/users\/1"}],"replies":[{"embeddable":true,"href":"https:\/\/masperreal.com\/index.php\/wp-json\/wp\/v2\/comments?post=517"}],"version-history":[{"count":0,"href":"https:\/\/masperreal.com\/index.php\/wp-json\/wp\/v2\/pages\/517\/revisions"}],"wp:attachment":[{"href":"https:\/\/masperreal.com\/index.php\/wp-json\/wp\/v2\/media?parent=517"}],"curies":[{"name":"wp","href":"https:\/\/api.w.org\/{rel}","templated":true}]}}