{"id":496,"date":"2020-06-04T10:21:31","date_gmt":"2020-06-04T10:21:31","guid":{"rendered":"https:\/\/masperreal.wpengine.com\/?page_id=496"},"modified":"2020-06-16T17:35:11","modified_gmt":"2020-06-16T17:35:11","slug":"les-marches","status":"publish","type":"page","link":"https:\/\/masperreal.com\/index.php\/les-marches\/","title":{"rendered":"Les March\u00e9s"},"content":{"rendered":"\t\t<div data-elementor-type=\"wp-page\" data-elementor-id=\"496\" class=\"elementor elementor-496\" data-elementor-settings=\"[]\">\n\t\t\t\t\t\t<div class=\"elementor-inner\">\n\t\t\t\t\t\t\t<div class=\"elementor-section-wrap\">\n\t\t\t\t\t\t\t<section class=\"elementor-section elementor-top-section elementor-element elementor-element-4754d37b elementor-section-stretched elementor-section-boxed elementor-section-height-default elementor-section-height-default\" data-id=\"4754d37b\" data-element_type=\"section\" data-settings=\"{&quot;stretch_section&quot;:&quot;section-stretched&quot;}\">\n\t\t\t\t\t\t<div class=\"elementor-container elementor-column-gap-default\">\n\t\t\t\t\t\t\t<div class=\"elementor-row\">\n\t\t\t\t\t<div class=\"elementor-column elementor-col-100 elementor-top-column elementor-element elementor-element-730740da\" data-id=\"730740da\" data-element_type=\"column\">\n\t\t\t<div class=\"elementor-column-wrap elementor-element-populated\">\n\t\t\t\t\t\t\t<div class=\"elementor-widget-wrap\">\n\t\t\t\t\t\t<div class=\"elementor-element elementor-element-16fd23f0 elementor-widget elementor-widget-heading\" data-id=\"16fd23f0\" data-element_type=\"widget\" data-widget_type=\"heading.default\">\n\t\t\t\t<div class=\"elementor-widget-container\">\n\t\t\t<h1 class=\"elementor-heading-title elementor-size-xxl\">Les March\u00e9s<\/h1>\t\t<\/div>\n\t\t\t\t<\/div>\n\t\t\t\t\t\t<\/div>\n\t\t\t\t\t<\/div>\n\t\t<\/div>\n\t\t\t\t\t\t\t\t<\/div>\n\t\t\t\t\t<\/div>\n\t\t<\/section>\n\t\t\t\t<section class=\"elementor-section elementor-top-section elementor-element elementor-element-351976ff elementor-section-stretched elementor-section-boxed elementor-section-height-default elementor-section-height-default\" data-id=\"351976ff\" data-element_type=\"section\" data-settings=\"{&quot;stretch_section&quot;:&quot;section-stretched&quot;,&quot;background_background&quot;:&quot;classic&quot;}\">\n\t\t\t\t\t\t<div class=\"elementor-container elementor-column-gap-default\">\n\t\t\t\t\t\t\t<div class=\"elementor-row\">\n\t\t\t\t\t<div class=\"elementor-column elementor-col-100 elementor-top-column elementor-element elementor-element-5a121844\" data-id=\"5a121844\" data-element_type=\"column\" data-settings=\"{&quot;background_background&quot;:&quot;classic&quot;,&quot;motion_fx_motion_fx_scrolling&quot;:&quot;yes&quot;,&quot;motion_fx_translateY_effect&quot;:&quot;yes&quot;,&quot;motion_fx_translateY_speed&quot;:{&quot;unit&quot;:&quot;px&quot;,&quot;size&quot;:4.9,&quot;sizes&quot;:[]},&quot;motion_fx_devices&quot;:[&quot;desktop&quot;,&quot;tablet&quot;],&quot;motion_fx_translateY_affectedRange&quot;:{&quot;unit&quot;:&quot;%&quot;,&quot;size&quot;:&quot;&quot;,&quot;sizes&quot;:{&quot;start&quot;:0,&quot;end&quot;:100}}}\">\n\t\t\t<div class=\"elementor-column-wrap elementor-element-populated\">\n\t\t\t\t\t\t\t<div class=\"elementor-widget-wrap\">\n\t\t\t\t\t\t<div class=\"elementor-element elementor-element-66c1b433 elementor-widget elementor-widget-text-editor\" data-id=\"66c1b433\" data-element_type=\"widget\" data-widget_type=\"text-editor.default\">\n\t\t\t\t<div class=\"elementor-widget-container\">\n\t\t\t\t\t\t\t\t<div class=\"elementor-text-editor elementor-clearfix\">\n\t\t\t\t\t<p>Un s\u00e9jour en Provence doit inclure au moins une matin\u00e9e ou deux pass\u00e9es \u00e0 admirer les couleurs des \u00e9tales, \u00e9couter le brouhaha des passants et d\u00e9guster les produits des march\u00e9s de la vall\u00e9e. Ces institutions de toujours sont ici bien vivantes. Vous y croiserez les habitants du coin attabl\u00e9s \u00e0 la terrasse des caf\u00e9s avec des amis, buvant un ros\u00e9 pour l&#8217;ap\u00e9ritif ou sirotant un caf\u00e9 par une fra\u00eeche matin\u00e9e d\u2019automne. N\u2019h\u00e9sitez pas \u00e0 en faire de m\u00eame !<\/p>\t\t\t\t\t<\/div>\n\t\t\t\t\t\t<\/div>\n\t\t\t\t<\/div>\n\t\t\t\t\t\t<\/div>\n\t\t\t\t\t<\/div>\n\t\t<\/div>\n\t\t\t\t\t\t\t\t<\/div>\n\t\t\t\t\t<\/div>\n\t\t<\/section>\n\t\t\t\t<section class=\"elementor-section elementor-top-section elementor-element elementor-element-3280d62c elementor-section-stretched elementor-section-boxed elementor-section-height-default elementor-section-height-default\" data-id=\"3280d62c\" data-element_type=\"section\" data-settings=\"{&quot;stretch_section&quot;:&quot;section-stretched&quot;}\">\n\t\t\t\t\t\t<div class=\"elementor-container elementor-column-gap-default\">\n\t\t\t\t\t\t\t<div class=\"elementor-row\">\n\t\t\t\t\t<div class=\"elementor-column elementor-col-33 elementor-top-column elementor-element elementor-element-61ddb03f\" data-id=\"61ddb03f\" data-element_type=\"column\">\n\t\t\t<div class=\"elementor-column-wrap elementor-element-populated\">\n\t\t\t\t\t\t\t<div class=\"elementor-widget-wrap\">\n\t\t\t\t\t\t<div class=\"elementor-element elementor-element-655d0f5e elementor-widget elementor-widget-image\" data-id=\"655d0f5e\" data-element_type=\"widget\" data-widget_type=\"image.default\">\n\t\t\t\t<div class=\"elementor-widget-container\">\n\t\t\t\t\t\t\t\t<div class=\"elementor-image\">\n\t\t\t\t\t\t\t\t\t<figure class=\"wp-caption\">\n\t\t\t\t\t\t\t\t\t\t<img loading=\"lazy\" decoding=\"async\" width=\"1024\" height=\"768\" src=\"https:\/\/masperreal.com\/wp-content\/uploads\/2020\/06\/IMG_1152-Apt-Market-1024x768.jpg\" class=\"attachment-large size-large\" alt=\"\" srcset=\"https:\/\/masperreal.com\/wp-content\/uploads\/2020\/06\/IMG_1152-Apt-Market-1024x768.jpg 1024w, https:\/\/masperreal.com\/wp-content\/uploads\/2020\/06\/IMG_1152-Apt-Market-300x225.jpg 300w, https:\/\/masperreal.com\/wp-content\/uploads\/2020\/06\/IMG_1152-Apt-Market-1536x1152.jpg 1536w, https:\/\/masperreal.com\/wp-content\/uploads\/2020\/06\/IMG_1152-Apt-Market-2048x1536.jpg 2048w\" sizes=\"auto, (max-width: 1024px) 100vw, 1024px\" \/>\t\t\t\t\t\t\t\t\t\t\t<figcaption class=\"widget-image-caption wp-caption-text\"><\/figcaption>\n\t\t\t\t\t\t\t\t\t\t<\/figure>\n\t\t\t\t\t\t\t\t<\/div>\n\t\t\t\t\t\t<\/div>\n\t\t\t\t<\/div>\n\t\t\t\t<div class=\"elementor-element elementor-element-619f74fb elementor-widget elementor-widget-image\" data-id=\"619f74fb\" data-element_type=\"widget\" data-widget_type=\"image.default\">\n\t\t\t\t<div class=\"elementor-widget-container\">\n\t\t\t\t\t\t\t\t<div class=\"elementor-image\">\n\t\t\t\t\t\t\t\t\t\t\t\t<img loading=\"lazy\" decoding=\"async\" width=\"1024\" height=\"680\" src=\"https:\/\/masperreal.com\/wp-content\/uploads\/2020\/06\/Witrow_105-1024x680.jpg\" class=\"attachment-large size-large\" alt=\"\" srcset=\"https:\/\/masperreal.com\/wp-content\/uploads\/2020\/06\/Witrow_105-1024x680.jpg 1024w, https:\/\/masperreal.com\/wp-content\/uploads\/2020\/06\/Witrow_105-300x199.jpg 300w, https:\/\/masperreal.com\/wp-content\/uploads\/2020\/06\/Witrow_105-1536x1020.jpg 1536w, https:\/\/masperreal.com\/wp-content\/uploads\/2020\/06\/Witrow_105-2048x1360.jpg 2048w\" sizes=\"auto, (max-width: 1024px) 100vw, 1024px\" \/>\t\t\t\t\t\t\t\t\t\t\t\t\t\t<\/div>\n\t\t\t\t\t\t<\/div>\n\t\t\t\t<\/div>\n\t\t\t\t<div class=\"elementor-element elementor-element-1df1cadb elementor-widget elementor-widget-image\" data-id=\"1df1cadb\" data-element_type=\"widget\" data-widget_type=\"image.default\">\n\t\t\t\t<div class=\"elementor-widget-container\">\n\t\t\t\t\t\t\t\t<div class=\"elementor-image\">\n\t\t\t\t\t\t\t\t\t<figure class=\"wp-caption\">\n\t\t\t\t\t\t\t\t\t\t<img loading=\"lazy\" decoding=\"async\" width=\"500\" height=\"334\" src=\"https:\/\/masperreal.com\/wp-content\/uploads\/2020\/06\/apt-market.jpg\" class=\"attachment-large size-large\" alt=\"\" srcset=\"https:\/\/masperreal.com\/wp-content\/uploads\/2020\/06\/apt-market.jpg 500w, https:\/\/masperreal.com\/wp-content\/uploads\/2020\/06\/apt-market-300x200.jpg 300w\" sizes=\"auto, (max-width: 500px) 100vw, 500px\" \/>\t\t\t\t\t\t\t\t\t\t\t<figcaption class=\"widget-image-caption wp-caption-text\">Le march\u00e9 d'Apt du Samedi matin : le meilleur du Luberon !<\/figcaption>\n\t\t\t\t\t\t\t\t\t\t<\/figure>\n\t\t\t\t\t\t\t\t<\/div>\n\t\t\t\t\t\t<\/div>\n\t\t\t\t<\/div>\n\t\t\t\t\t\t<\/div>\n\t\t\t\t\t<\/div>\n\t\t<\/div>\n\t\t\t\t<div class=\"elementor-column elementor-col-66 elementor-top-column elementor-element elementor-element-4f4de239\" data-id=\"4f4de239\" data-element_type=\"column\">\n\t\t\t<div class=\"elementor-column-wrap elementor-element-populated\">\n\t\t\t\t\t\t\t<div class=\"elementor-widget-wrap\">\n\t\t\t\t\t\t<div class=\"elementor-element elementor-element-7f7cf0fa elementor-widget elementor-widget-text-editor\" data-id=\"7f7cf0fa\" data-element_type=\"widget\" data-widget_type=\"text-editor.default\">\n\t\t\t\t<div class=\"elementor-widget-container\">\n\t\t\t\t\t\t\t\t<div class=\"elementor-text-editor elementor-clearfix\">\n\t\t\t\t\t<p>Les march\u00e9s sont un lieu id\u00e9al pour trouver des souvenirs et des cadeaux &#8211; tissus, savons, poteries seront au rendez-vous. Mais c&#8217;est avant tout les \u00e9tales de nourriture qui font la renomm\u00e9e des march\u00e9s de la r\u00e9gion. Les produits frais et de saison se succ\u00e8dent et n&#8217;en finissent pas de ravir vos papilles. Fruits et l\u00e9gumes, vins, fromages, pains et autres sp\u00e9cialit\u00e9s culinaires&#8230; toute r\u00e9sistance est futile. Empruntez un de nos paniers et faites-vous plaisir !<\/p><p>\u00a0<\/p><p>Voici une liste de nos march\u00e9s pr\u00e9f\u00e9r\u00e9s (un par jour) :<\/p><p>\u00a0<\/p><p><u>SAMEDI<\/u> &#8211; la ville d&#8217;<b>Apt\u00a0<\/b>(\u00e0 10 minutes de voiture) devient, le temps d&#8217;un samedi matin, le centre du Luberon. Fond\u00e9e par les Romains, cette petite ville d&#8217;habitude tranquille d\u00e9borde d\u2019\u00e9nergie le jour du march\u00e9.<\/p><p><u>DIMANCHE<\/u>\u00a0&#8211;\u00a0<b>Isle-sur-la-Sorgue<\/b> (\u00e0 20 minutes de voiture). Similaire en taille au march\u00e9 d&#8217;Apt, mais avec en plus la plus grande concentration de brocanteurs de Provence.<\/p><p><u>LUNDI<\/u> &#8211; nous vous recommandons de sortir des sentiers battus et de vous rendre au march\u00e9 de <b>Forqualquier <\/b>(\u00e0 45 minutes de voiture). A proximit\u00e9 se trouvent les abbayes de Carluc, Salagon et Ganagobie ainsi que le charmant village de Lurs. De quoi organiser une belle journ\u00e9e en Haute Provence !<\/p><p><u>MARDI<\/u> &#8211; ne cherchez pas plus loin que <b>Saint-Saturnin-L\u00e8s-Apt <\/b>(\u00e0 20 minutes \u00e0 pied) o\u00f9 vous trouverez un petit march\u00e9 tranquille.\u00a0<\/p><p><u>MERCREDI<\/u> &#8211; la route pour <b>Sault<\/b> (\u00e0 30 minutes de voiture) est magnifique. Le march\u00e9 l&#8217;est tout autant.\u00a0 Et quand les champs de lavande sont en fleurs en \u00e9t\u00e9, votre pique-nique dans les champs sera un souvenir inoubliable.<\/p><p><u>JEUDI<\/u> &#8211; la route qui traverse la montagne du Luberon pour rejoindre <b>Aix-en-Provence<\/b> (\u00e0 1 heure de voiture) vaut tout autant le coup. Apr\u00e8s avoir explor\u00e9 le grand march\u00e9 d&#8217;Aix, vous voudrez fl\u00e2ner dans les rues et places charmantes de cette tr\u00e8s belle ville universitaire. Le march\u00e9 a aussi lieu le mardi et samedi.<\/p><p><u>VENDREDI<\/u> &#8211; juste de l&#8217;autre c\u00f4t\u00e9 du Luberon se trouve <b>Lourmarin<\/b> (\u00e0 30 minutes de voiture) et son march\u00e9 de taille moyenne. Combin\u00e9 avec les visites des villages d&#8217;Ansouis et Cucuron, vous pourrez vous faire une bonne id\u00e9e de &#8220;l&#8217;autre c\u00f4t\u00e9 de la montagne&#8221;.<\/p>\t\t\t\t\t<\/div>\n\t\t\t\t\t\t<\/div>\n\t\t\t\t<\/div>\n\t\t\t\t\t\t<\/div>\n\t\t\t\t\t<\/div>\n\t\t<\/div>\n\t\t\t\t\t\t\t\t<\/div>\n\t\t\t\t\t<\/div>\n\t\t<\/section>\n\t\t\t\t\t\t<\/div>\n\t\t\t\t\t\t<\/div>\n\t\t\t\t\t<\/div>\n\t\t","protected":false},"excerpt":{"rendered":"<p>Les March\u00e9s Un s\u00e9jour en Provence doit inclure au moins une matin\u00e9e ou deux pass\u00e9es \u00e0 admirer les couleurs des \u00e9tales, \u00e9couter le brouhaha des passants et d\u00e9guster les produits des march\u00e9s de la vall\u00e9e. Ces institutions de toujours sont ici bien vivantes. Vous y croiserez les habitants du coin attabl\u00e9s \u00e0 la terrasse des <a href=\"https:\/\/masperreal.com\/index.php\/les-marches\/\" class=\"more-link\">&#8230;<\/a><\/p>\n","protected":false},"author":1,"featured_media":0,"parent":0,"menu_order":0,"comment_status":"closed","ping_status":"closed","template":"","meta":{"footnotes":""},"class_list":["post-496","page","type-page","status-publish","hentry"],"_links":{"self":[{"href":"https:\/\/masperreal.com\/index.php\/wp-json\/wp\/v2\/pages\/496","targetHints":{"allow":["GET"]}}],"collection":[{"href":"https:\/\/masperreal.com\/index.php\/wp-json\/wp\/v2\/pages"}],"about":[{"href":"https:\/\/masperreal.com\/index.php\/wp-json\/wp\/v2\/types\/page"}],"author":[{"embeddable":true,"href":"https:\/\/masperreal.com\/index.php\/wp-json\/wp\/v2\/users\/1"}],"replies":[{"embeddable":true,"href":"https:\/\/masperreal.com\/index.php\/wp-json\/wp\/v2\/comments?post=496"}],"version-history":[{"count":0,"href":"https:\/\/masperreal.com\/index.php\/wp-json\/wp\/v2\/pages\/496\/revisions"}],"wp:attachment":[{"href":"https:\/\/masperreal.com\/index.php\/wp-json\/wp\/v2\/media?parent=496"}],"curies":[{"name":"wp","href":"https:\/\/api.w.org\/{rel}","templated":true}]}}