{"id":487,"date":"2020-06-04T10:19:48","date_gmt":"2020-06-04T10:19:48","guid":{"rendered":"https:\/\/masperreal.wpengine.com\/?page_id=487"},"modified":"2020-07-05T08:55:08","modified_gmt":"2020-07-05T08:55:08","slug":"saint-saturnin-les-apt","status":"publish","type":"page","link":"https:\/\/masperreal.com\/index.php\/saint-saturnin-les-apt\/","title":{"rendered":"Saint-Saturnin-les-Apt"},"content":{"rendered":"\t\t<div data-elementor-type=\"wp-page\" data-elementor-id=\"487\" class=\"elementor elementor-487\" data-elementor-settings=\"[]\">\n\t\t\t\t\t\t<div class=\"elementor-inner\">\n\t\t\t\t\t\t\t<div class=\"elementor-section-wrap\">\n\t\t\t\t\t\t\t<section class=\"elementor-section elementor-top-section elementor-element elementor-element-76b5397 elementor-section-stretched elementor-section-boxed elementor-section-height-default elementor-section-height-default\" data-id=\"76b5397\" data-element_type=\"section\" data-settings=\"{&quot;stretch_section&quot;:&quot;section-stretched&quot;}\">\n\t\t\t\t\t\t<div class=\"elementor-container elementor-column-gap-default\">\n\t\t\t\t\t\t\t<div class=\"elementor-row\">\n\t\t\t\t\t<div class=\"elementor-column elementor-col-100 elementor-top-column elementor-element elementor-element-48b53fb1\" data-id=\"48b53fb1\" data-element_type=\"column\">\n\t\t\t<div class=\"elementor-column-wrap elementor-element-populated\">\n\t\t\t\t\t\t\t<div class=\"elementor-widget-wrap\">\n\t\t\t\t\t\t<div class=\"elementor-element elementor-element-126fe066 elementor-widget elementor-widget-heading\" data-id=\"126fe066\" data-element_type=\"widget\" data-widget_type=\"heading.default\">\n\t\t\t\t<div class=\"elementor-widget-container\">\n\t\t\t<h1 class=\"elementor-heading-title elementor-size-xxl\">Saint-Saturnin-L\u00e8s-Apt<\/h1>\t\t<\/div>\n\t\t\t\t<\/div>\n\t\t\t\t\t\t<\/div>\n\t\t\t\t\t<\/div>\n\t\t<\/div>\n\t\t\t\t\t\t\t\t<\/div>\n\t\t\t\t\t<\/div>\n\t\t<\/section>\n\t\t\t\t<section class=\"elementor-section elementor-top-section elementor-element elementor-element-51097c03 elementor-section-stretched elementor-section-boxed elementor-section-height-default elementor-section-height-default\" data-id=\"51097c03\" data-element_type=\"section\" data-settings=\"{&quot;stretch_section&quot;:&quot;section-stretched&quot;,&quot;background_background&quot;:&quot;slideshow&quot;,&quot;background_slideshow_gallery&quot;:[{&quot;id&quot;:733,&quot;url&quot;:&quot;https:\\\/\\\/masperreal.wpengine.com\\\/wp-content\\\/uploads\\\/2020\\\/06\\\/DSC05992.jpg&quot;}],&quot;background_slideshow_loop&quot;:&quot;yes&quot;,&quot;background_slideshow_slide_duration&quot;:5000,&quot;background_slideshow_slide_transition&quot;:&quot;fade&quot;,&quot;background_slideshow_transition_duration&quot;:500}\">\n\t\t\t\t\t\t<div class=\"elementor-container elementor-column-gap-default\">\n\t\t\t\t\t\t\t<div class=\"elementor-row\">\n\t\t\t\t\t<div class=\"elementor-column elementor-col-100 elementor-top-column elementor-element elementor-element-191da3bb\" data-id=\"191da3bb\" data-element_type=\"column\" data-settings=\"{&quot;background_background&quot;:&quot;classic&quot;,&quot;motion_fx_motion_fx_scrolling&quot;:&quot;yes&quot;,&quot;motion_fx_translateY_effect&quot;:&quot;yes&quot;,&quot;motion_fx_translateY_speed&quot;:{&quot;unit&quot;:&quot;px&quot;,&quot;size&quot;:4.9,&quot;sizes&quot;:[]},&quot;motion_fx_devices&quot;:[&quot;desktop&quot;,&quot;tablet&quot;],&quot;motion_fx_translateY_affectedRange&quot;:{&quot;unit&quot;:&quot;%&quot;,&quot;size&quot;:&quot;&quot;,&quot;sizes&quot;:{&quot;start&quot;:0,&quot;end&quot;:100}}}\">\n\t\t\t<div class=\"elementor-column-wrap elementor-element-populated\">\n\t\t\t\t\t\t\t<div class=\"elementor-widget-wrap\">\n\t\t\t\t\t\t<div class=\"elementor-element elementor-element-28fb4358 elementor-widget elementor-widget-text-editor\" data-id=\"28fb4358\" data-element_type=\"widget\" data-widget_type=\"text-editor.default\">\n\t\t\t\t<div class=\"elementor-widget-container\">\n\t\t\t\t\t\t\t\t<div class=\"elementor-text-editor elementor-clearfix\">\n\t\t\t\t\t<p>Saint-Saturnin est un petit bijou cach\u00e9, encore authentique, pas ab\u00eem\u00e9 par le tourisme de masse. Ici, nous ne sommes pas envahis par les autocars. Et nous en sommes tr\u00e8s heureux ! C\u2019est un vrai village qui vit toute l\u2019ann\u00e9e.<\/p>\t\t\t\t\t<\/div>\n\t\t\t\t\t\t<\/div>\n\t\t\t\t<\/div>\n\t\t\t\t\t\t<\/div>\n\t\t\t\t\t<\/div>\n\t\t<\/div>\n\t\t\t\t\t\t\t\t<\/div>\n\t\t\t\t\t<\/div>\n\t\t<\/section>\n\t\t\t\t<section class=\"elementor-section elementor-top-section elementor-element elementor-element-16ca1c76 elementor-section-stretched elementor-section-boxed elementor-section-height-default elementor-section-height-default\" data-id=\"16ca1c76\" data-element_type=\"section\" data-settings=\"{&quot;stretch_section&quot;:&quot;section-stretched&quot;}\">\n\t\t\t\t\t\t<div class=\"elementor-container elementor-column-gap-default\">\n\t\t\t\t\t\t\t<div class=\"elementor-row\">\n\t\t\t\t\t<div class=\"elementor-column elementor-col-66 elementor-top-column elementor-element elementor-element-2c8bcb95\" data-id=\"2c8bcb95\" data-element_type=\"column\">\n\t\t\t<div class=\"elementor-column-wrap elementor-element-populated\">\n\t\t\t\t\t\t\t<div class=\"elementor-widget-wrap\">\n\t\t\t\t\t\t<div class=\"elementor-element elementor-element-481cd744 elementor-widget elementor-widget-text-editor\" data-id=\"481cd744\" data-element_type=\"widget\" data-widget_type=\"text-editor.default\">\n\t\t\t\t<div class=\"elementor-widget-container\">\n\t\t\t\t\t\t\t\t<div class=\"elementor-text-editor elementor-clearfix\">\n\t\t\t\t\t<p>Vous trouverez \u00e0 Saint-Saturnin tous les commerces indispensables \u00e0 la vie quotidienne (boulanger, boucher, \u00e9picier, poste, caf\u00e9s, restaurants). Un march\u00e9 \u00e0 lieu le mardi matin. Vous pourrez y acheter tout ce qu&#8217;il faut pour un bon pique-nique.<\/p><p>\u00a0<\/p><p>Saint-Saturnin m\u00e9rite vraiment une visite: prenez le temps de vous promener dans ses rues, d\u2019admirer ses porches et ses portes de l\u2019\u00e9poque de la Renaissance. Saint-Saturnin a aussi de nombreux soustets (pittoresques passages) qui font communiquer les rues parall\u00e8les. Certains de ses soustets ont de belles arcades en ogive et des plafonds aux poutres apparentes.<\/p><p>\u00a0<\/p><p>Il ne faut pas manquer non plus \u00e0 l&#8217;extr\u00e9mit\u00e9 Est du village les vestiges des remparts avec sa belle porte fortifi\u00e9e, la seule qui reste des treize ou quatorze qui existaient.<\/p><p>\u00a0<\/p><p>Apr\u00e8s avoir visit\u00e9 le bas du village, n\u2019oubliez pas de monter aux ruines du ch\u00e2teau et \u00e0 la chapelle castrale. Vous ne le regretterez pas car la vue sur le village et la vall\u00e9e est superbe.<\/p><p>\u00a0<\/p><p>Nous avons aussi \u00e0 Saint-Saturnin, comme dans tout village proven\u00e7al qui se respecte, notre moulin \u00e0 vent soigneusement restaur\u00e9 et qui, depuis peu, est capable de moudre le grain pour produire de la farine ! Les jours de f\u00eate, les ailes du moulin sont rev\u00eatues de leur toile afin qu&#8217;elle tourne comme dans l&#8217;ancien temps.\u00a0\u00a0<\/p>\t\t\t\t\t<\/div>\n\t\t\t\t\t\t<\/div>\n\t\t\t\t<\/div>\n\t\t\t\t<div class=\"elementor-element elementor-element-428ff4a5 elementor-widget elementor-widget-heading\" data-id=\"428ff4a5\" data-element_type=\"widget\" data-widget_type=\"heading.default\">\n\t\t\t\t<div class=\"elementor-widget-container\">\n\t\t\t<h3 class=\"elementor-heading-title elementor-size-default\">Venez visiter Saint-Saturnin-L\u00e8s-Apt; un charmant village authentique de Provence.<\/h3>\t\t<\/div>\n\t\t\t\t<\/div>\n\t\t\t\t<div class=\"elementor-element elementor-element-6bd3496b elementor-widget elementor-widget-image\" data-id=\"6bd3496b\" data-element_type=\"widget\" data-widget_type=\"image.default\">\n\t\t\t\t<div class=\"elementor-widget-container\">\n\t\t\t\t\t\t\t\t<div class=\"elementor-image\">\n\t\t\t\t\t\t\t\t\t<figure class=\"wp-caption\">\n\t\t\t\t\t\t\t\t\t\t<img loading=\"lazy\" decoding=\"async\" width=\"768\" height=\"748\" src=\"https:\/\/masperreal.com\/wp-content\/uploads\/2020\/06\/DSC_0060-scaled-e1591440888384-768x748-1.jpg\" class=\"attachment-medium_large size-medium_large\" alt=\"\" srcset=\"https:\/\/masperreal.com\/wp-content\/uploads\/2020\/06\/DSC_0060-scaled-e1591440888384-768x748-1.jpg 768w, https:\/\/masperreal.com\/wp-content\/uploads\/2020\/06\/DSC_0060-scaled-e1591440888384-768x748-1-300x292.jpg 300w\" sizes=\"auto, (max-width: 768px) 100vw, 768px\" \/>\t\t\t\t\t\t\t\t\t\t\t<figcaption class=\"widget-image-caption wp-caption-text\">Vue du village depuis le Mas. Le dimanche matin, vous pouvez entendre les cloches de l\u2019\u00e9glise carillonner.<\/figcaption>\n\t\t\t\t\t\t\t\t\t\t<\/figure>\n\t\t\t\t\t\t\t\t<\/div>\n\t\t\t\t\t\t<\/div>\n\t\t\t\t<\/div>\n\t\t\t\t\t\t<\/div>\n\t\t\t\t\t<\/div>\n\t\t<\/div>\n\t\t\t\t<div class=\"elementor-column elementor-col-33 elementor-top-column elementor-element elementor-element-295c34ff\" data-id=\"295c34ff\" data-element_type=\"column\">\n\t\t\t<div class=\"elementor-column-wrap elementor-element-populated\">\n\t\t\t\t\t\t\t<div class=\"elementor-widget-wrap\">\n\t\t\t\t\t\t<div class=\"elementor-element elementor-element-5dd44f07 elementor-widget elementor-widget-image\" data-id=\"5dd44f07\" data-element_type=\"widget\" data-widget_type=\"image.default\">\n\t\t\t\t<div class=\"elementor-widget-container\">\n\t\t\t\t\t\t\t\t<div class=\"elementor-image\">\n\t\t\t\t\t\t\t\t\t<figure class=\"wp-caption\">\n\t\t\t\t\t\t\t\t\t\t<img loading=\"lazy\" decoding=\"async\" width=\"1024\" height=\"768\" src=\"https:\/\/masperreal.com\/wp-content\/uploads\/2020\/06\/DSC05994-1024x768.jpg\" class=\"attachment-large size-large\" alt=\"\" srcset=\"https:\/\/masperreal.com\/wp-content\/uploads\/2020\/06\/DSC05994-1024x768.jpg 1024w, https:\/\/masperreal.com\/wp-content\/uploads\/2020\/06\/DSC05994-300x225.jpg 300w, https:\/\/masperreal.com\/wp-content\/uploads\/2020\/06\/DSC05994-1536x1152.jpg 1536w, https:\/\/masperreal.com\/wp-content\/uploads\/2020\/06\/DSC05994-2048x1536.jpg 2048w\" sizes=\"auto, (max-width: 1024px) 100vw, 1024px\" \/>\t\t\t\t\t\t\t\t\t\t\t<figcaption class=\"widget-image-caption wp-caption-text\">Les ruines du ch\u00e2teau m\u00e9di\u00e9val vues depuis la garrigue : un petit paradis pour les marcheurs.  <\/figcaption>\n\t\t\t\t\t\t\t\t\t\t<\/figure>\n\t\t\t\t\t\t\t\t<\/div>\n\t\t\t\t\t\t<\/div>\n\t\t\t\t<\/div>\n\t\t\t\t<div class=\"elementor-element elementor-element-7d4fe2fc elementor-widget elementor-widget-image\" data-id=\"7d4fe2fc\" data-element_type=\"widget\" data-widget_type=\"image.default\">\n\t\t\t\t<div class=\"elementor-widget-container\">\n\t\t\t\t\t\t\t\t<div class=\"elementor-image\">\n\t\t\t\t\t\t\t\t\t<figure class=\"wp-caption\">\n\t\t\t\t\t\t\t\t\t\t<img loading=\"lazy\" decoding=\"async\" width=\"768\" height=\"901\" src=\"https:\/\/masperreal.com\/wp-content\/uploads\/2020\/06\/MOD-DSC_0150_653-scaled-e1591441448496-768x901.jpg\" class=\"attachment-medium_large size-medium_large\" alt=\"\" srcset=\"https:\/\/masperreal.com\/wp-content\/uploads\/2020\/06\/MOD-DSC_0150_653-scaled-e1591441448496-768x901.jpg 768w, https:\/\/masperreal.com\/wp-content\/uploads\/2020\/06\/MOD-DSC_0150_653-scaled-e1591441448496-256x300.jpg 256w, https:\/\/masperreal.com\/wp-content\/uploads\/2020\/06\/MOD-DSC_0150_653-scaled-e1591441448496-873x1024.jpg 873w, https:\/\/masperreal.com\/wp-content\/uploads\/2020\/06\/MOD-DSC_0150_653-scaled-e1591441448496-1309x1536.jpg 1309w, https:\/\/masperreal.com\/wp-content\/uploads\/2020\/06\/MOD-DSC_0150_653-scaled-e1591441448496.jpg 1696w\" sizes=\"auto, (max-width: 768px) 100vw, 768px\" \/>\t\t\t\t\t\t\t\t\t\t\t<figcaption class=\"widget-image-caption wp-caption-text\">Les vides greniers sont une tradition s\u00e9rieuse dans la r\u00e9gion. Celui de Saint-Saturnin a lieu le 14 Juillet, et nous pouvons affirmer sans h\u00e9siter que c'est le meilleur du Luberon !   <\/figcaption>\n\t\t\t\t\t\t\t\t\t\t<\/figure>\n\t\t\t\t\t\t\t\t<\/div>\n\t\t\t\t\t\t<\/div>\n\t\t\t\t<\/div>\n\t\t\t\t\t\t<\/div>\n\t\t\t\t\t<\/div>\n\t\t<\/div>\n\t\t\t\t\t\t\t\t<\/div>\n\t\t\t\t\t<\/div>\n\t\t<\/section>\n\t\t\t\t<section class=\"elementor-section elementor-top-section elementor-element elementor-element-5fe2a492 elementor-section-stretched elementor-section-boxed elementor-section-height-default elementor-section-height-default\" data-id=\"5fe2a492\" data-element_type=\"section\" data-settings=\"{&quot;stretch_section&quot;:&quot;section-stretched&quot;}\">\n\t\t\t\t\t\t<div class=\"elementor-container elementor-column-gap-default\">\n\t\t\t\t\t\t\t<div class=\"elementor-row\">\n\t\t\t\t\t<div class=\"elementor-column elementor-col-100 elementor-top-column elementor-element elementor-element-1c60f5a0\" data-id=\"1c60f5a0\" data-element_type=\"column\">\n\t\t\t<div class=\"elementor-column-wrap elementor-element-populated\">\n\t\t\t\t\t\t\t<div class=\"elementor-widget-wrap\">\n\t\t\t\t\t\t<div class=\"elementor-element elementor-element-4bb368aa elementor-skin-slideshow elementor-aspect-ratio-219 elementor-arrows-yes elementor-widget elementor-widget-media-carousel\" data-id=\"4bb368aa\" data-element_type=\"widget\" data-settings=\"{&quot;skin&quot;:&quot;slideshow&quot;,&quot;effect&quot;:&quot;fade&quot;,&quot;show_arrows&quot;:&quot;yes&quot;,&quot;speed&quot;:500,&quot;autoplay&quot;:&quot;yes&quot;,&quot;autoplay_speed&quot;:5000,&quot;loop&quot;:&quot;yes&quot;,&quot;pause_on_hover&quot;:&quot;yes&quot;,&quot;pause_on_interaction&quot;:&quot;yes&quot;,&quot;space_between&quot;:{&quot;unit&quot;:&quot;px&quot;,&quot;size&quot;:10,&quot;sizes&quot;:[]},&quot;space_between_tablet&quot;:{&quot;unit&quot;:&quot;px&quot;,&quot;size&quot;:10,&quot;sizes&quot;:[]},&quot;space_between_mobile&quot;:{&quot;unit&quot;:&quot;px&quot;,&quot;size&quot;:10,&quot;sizes&quot;:[]}}\" data-widget_type=\"media-carousel.default\">\n\t\t\t\t<div class=\"elementor-widget-container\">\n\t\t\t\t\t<div class=\"elementor-swiper\">\n\t\t\t<div class=\"elementor-main-swiper swiper-container\">\n\t\t\t\t<div class=\"swiper-wrapper\">\n\t\t\t\t\t\t\t\t\t\t\t<div class=\"swiper-slide\">\n\t\t\t\t\t\t\t\t\t<div class=\"elementor-carousel-image\" style=\"background-image: url(https:\/\/masperreal.com\/wp-content\/uploads\/2020\/06\/DSC_0173-scaled.jpg)\">\n\t\t\t\t\t<\/div>\n\t\t\t\t\t\t\t\t<\/div>\n\t\t\t\t\t\t\t\t\t\t\t<div class=\"swiper-slide\">\n\t\t\t\t\t\t\t\t\t<div class=\"elementor-carousel-image\" style=\"background-image: url(https:\/\/masperreal.com\/wp-content\/uploads\/2020\/06\/DSC_0208-scaled.jpg)\">\n\t\t\t\t\t<\/div>\n\t\t\t\t\t\t\t\t<\/div>\n\t\t\t\t\t\t\t\t\t\t\t<div class=\"swiper-slide\">\n\t\t\t\t\t\t\t\t\t<div class=\"elementor-carousel-image\" style=\"background-image: url(https:\/\/masperreal.com\/wp-content\/uploads\/2020\/06\/DSC_0198-scaled.jpg)\">\n\t\t\t\t\t<\/div>\n\t\t\t\t\t\t\t\t<\/div>\n\t\t\t\t\t\t\t\t\t\t\t<div class=\"swiper-slide\">\n\t\t\t\t\t\t\t\t\t<div class=\"elementor-carousel-image\" style=\"background-image: url(https:\/\/masperreal.com\/wp-content\/uploads\/2020\/06\/DSC_0200-scaled.jpg)\">\n\t\t\t\t\t<\/div>\n\t\t\t\t\t\t\t\t<\/div>\n\t\t\t\t\t\t\t\t\t\t\t<div class=\"swiper-slide\">\n\t\t\t\t\t\t\t\t\t<div class=\"elementor-carousel-image\" style=\"background-image: url(https:\/\/masperreal.com\/wp-content\/uploads\/2020\/06\/DSC_0191-scaled.jpg)\">\n\t\t\t\t\t<\/div>\n\t\t\t\t\t\t\t\t<\/div>\n\t\t\t\t\t\t\t\t\t<\/div>\n\t\t\t\t\t\t\t\t\t\t\t\t\t\t\t\t\t\t\t\t<div class=\"elementor-swiper-button elementor-swiper-button-prev\">\n\t\t\t\t\t\t\t<i class=\"eicon-chevron-left\" aria-hidden=\"true\"><\/i>\n\t\t\t\t\t\t\t<span class=\"elementor-screen-only\">Previous<\/span>\n\t\t\t\t\t\t<\/div>\n\t\t\t\t\t\t<div class=\"elementor-swiper-button elementor-swiper-button-next\">\n\t\t\t\t\t\t\t<i class=\"eicon-chevron-right\" aria-hidden=\"true\"><\/i>\n\t\t\t\t\t\t\t<span class=\"elementor-screen-only\">Next<\/span>\n\t\t\t\t\t\t<\/div>\n\t\t\t\t\t\t\t\t\t\t\t\t<\/div>\n\t\t<\/div>\n\t\t\t\t<div class=\"elementor-swiper\">\n\t\t\t<div class=\"elementor-thumbnails-swiper swiper-container\">\n\t\t\t\t<div class=\"swiper-wrapper\">\n\t\t\t\t\t\t\t\t\t\t\t<div class=\"swiper-slide\">\n\t\t\t\t\t\t\t\t\t<div class=\"elementor-fit-aspect-ratio elementor-carousel-image\" style=\"background-image: url(https:\/\/masperreal.com\/wp-content\/uploads\/2020\/06\/DSC_0173-scaled.jpg)\">\n\t\t\t\t\t<\/div>\n\t\t\t\t\t\t\t\t<\/div>\n\t\t\t\t\t\t\t\t\t\t\t<div class=\"swiper-slide\">\n\t\t\t\t\t\t\t\t\t<div class=\"elementor-fit-aspect-ratio elementor-carousel-image\" style=\"background-image: url(https:\/\/masperreal.com\/wp-content\/uploads\/2020\/06\/DSC_0208-scaled.jpg)\">\n\t\t\t\t\t<\/div>\n\t\t\t\t\t\t\t\t<\/div>\n\t\t\t\t\t\t\t\t\t\t\t<div class=\"swiper-slide\">\n\t\t\t\t\t\t\t\t\t<div class=\"elementor-fit-aspect-ratio elementor-carousel-image\" style=\"background-image: url(https:\/\/masperreal.com\/wp-content\/uploads\/2020\/06\/DSC_0198-scaled.jpg)\">\n\t\t\t\t\t<\/div>\n\t\t\t\t\t\t\t\t<\/div>\n\t\t\t\t\t\t\t\t\t\t\t<div class=\"swiper-slide\">\n\t\t\t\t\t\t\t\t\t<div class=\"elementor-fit-aspect-ratio elementor-carousel-image\" style=\"background-image: url(https:\/\/masperreal.com\/wp-content\/uploads\/2020\/06\/DSC_0200-scaled.jpg)\">\n\t\t\t\t\t<\/div>\n\t\t\t\t\t\t\t\t<\/div>\n\t\t\t\t\t\t\t\t\t\t\t<div class=\"swiper-slide\">\n\t\t\t\t\t\t\t\t\t<div class=\"elementor-fit-aspect-ratio elementor-carousel-image\" style=\"background-image: url(https:\/\/masperreal.com\/wp-content\/uploads\/2020\/06\/DSC_0191-scaled.jpg)\">\n\t\t\t\t\t<\/div>\n\t\t\t\t\t\t\t\t<\/div>\n\t\t\t\t\t\t\t\t\t<\/div>\n\t\t\t\t\t\t\t\t\t\t\t\t\t\t\t\t\t\t\t\t\t<\/div>\n\t\t<\/div>\n\t\t\t\t<\/div>\n\t\t\t\t<\/div>\n\t\t\t\t\t\t<\/div>\n\t\t\t\t\t<\/div>\n\t\t<\/div>\n\t\t\t\t\t\t\t\t<\/div>\n\t\t\t\t\t<\/div>\n\t\t<\/section>\n\t\t\t\t\t\t<\/div>\n\t\t\t\t\t\t<\/div>\n\t\t\t\t\t<\/div>\n\t\t","protected":false},"excerpt":{"rendered":"<p>Saint-Saturnin-L\u00e8s-Apt Saint-Saturnin est un petit bijou cach\u00e9, encore authentique, pas ab\u00eem\u00e9 par le tourisme de masse. Ici, nous ne sommes pas envahis par les autocars. Et nous en sommes tr\u00e8s heureux ! C\u2019est un vrai village qui vit toute l\u2019ann\u00e9e. Vous trouverez \u00e0 Saint-Saturnin tous les commerces indispensables \u00e0 la vie quotidienne (boulanger, boucher, \u00e9picier, <a href=\"https:\/\/masperreal.com\/index.php\/saint-saturnin-les-apt\/\" class=\"more-link\">&#8230;<\/a><\/p>\n","protected":false},"author":1,"featured_media":0,"parent":0,"menu_order":0,"comment_status":"closed","ping_status":"closed","template":"","meta":{"footnotes":""},"class_list":["post-487","page","type-page","status-publish","hentry"],"_links":{"self":[{"href":"https:\/\/masperreal.com\/index.php\/wp-json\/wp\/v2\/pages\/487","targetHints":{"allow":["GET"]}}],"collection":[{"href":"https:\/\/masperreal.com\/index.php\/wp-json\/wp\/v2\/pages"}],"about":[{"href":"https:\/\/masperreal.com\/index.php\/wp-json\/wp\/v2\/types\/page"}],"author":[{"embeddable":true,"href":"https:\/\/masperreal.com\/index.php\/wp-json\/wp\/v2\/users\/1"}],"replies":[{"embeddable":true,"href":"https:\/\/masperreal.com\/index.php\/wp-json\/wp\/v2\/comments?post=487"}],"version-history":[{"count":0,"href":"https:\/\/masperreal.com\/index.php\/wp-json\/wp\/v2\/pages\/487\/revisions"}],"wp:attachment":[{"href":"https:\/\/masperreal.com\/index.php\/wp-json\/wp\/v2\/media?parent=487"}],"curies":[{"name":"wp","href":"https:\/\/api.w.org\/{rel}","templated":true}]}}